{"id":10,"date":"2022-08-01T00:38:28","date_gmt":"2022-08-01T00:38:28","guid":{"rendered":"https:\/\/www.libspry.com\/?page_id=10"},"modified":"2023-01-20T06:38:26","modified_gmt":"2023-01-20T06:38:26","slug":"bio","status":"publish","type":"page","link":"https:\/\/www.libspry.com\/fr\/bio\/","title":{"rendered":"Biographie"},"content":{"rendered":"<div class=\"wp-block-cover alignfull\" style=\"min-height:300px;aspect-ratio:unset;\"><span aria-hidden=\"true\" class=\"wp-block-cover__background has-nv-site-bg-background-color has-background-dim-100 has-background-dim\"><\/span><div class=\"wp-block-cover__inner-container is-layout-flow wp-block-cover-is-layout-flow\">\n<div class=\"wp-block-group\"><div class=\"wp-block-group__inner-container is-layout-flow wp-block-group-is-layout-flow\">\n<h1 class=\"has-text-align-left has-neve-text-color-color has-text-color wp-block-heading\">About Lib<\/h1>\n<\/div><\/div>\n<\/div><\/div>\n\n\n<div class=\"wp-block-image ticss-02050bf1\">\n<figure class=\"alignleft size-full is-resized\"><img loading=\"lazy\" decoding=\"async\" src=\"https:\/\/www.libspry.com\/wp-content\/uploads\/2023\/01\/biography.jpg\" alt=\"\" class=\"wp-image-762\" width=\"207\" height=\"207\" srcset=\"https:\/\/www.libspry.com\/wp-content\/uploads\/2023\/01\/biography.jpg 414w, https:\/\/www.libspry.com\/wp-content\/uploads\/2023\/01\/biography-300x300.jpg 300w, https:\/\/www.libspry.com\/wp-content\/uploads\/2023\/01\/biography-150x150.jpg 150w, https:\/\/www.libspry.com\/wp-content\/uploads\/2023\/01\/biography-12x12.jpg 12w\" sizes=\"auto, (max-width: 207px) 100vw, 207px\" \/><\/figure>\n<\/div>\n\n\n<p class=\"ticss-254308c4 has-nv-site-bg-background-color has-background\" style=\"font-size:18px\">Lib Spry has worked in theatre for over fifty years as a director, writer, producer, educator, performer, popular theatre work, dramaturg, and translator. She chooses to work in an equal mix of professional theatre, community arts and as a teacher as she believes they are mutually inclusive. She is a specialist in non-traditional theatre forms: popular theatre, community arts, site-specific theatre, theatre for young audiences, clown, bouffon, commedia dell\u2019 arte, and other forms of physical theatre. She was an apprentice with August Boal for a year and is a recognized teacher of his Theatre of the Oppressed. She trained with clown master Philippe Gaulier in her early 60s. She has founded and run three theatre companies: Theatre Agile (2011- present), Passionate Balance (1989-96) for which she wrote twenty plus Forum Theatre plays, and with playwright Shirley Barrie co-founded the award-winning Straight Stitching Productions (1986-96). She has worked with Odyssey Theatre as the writer and\/or translator on \u201cTurandot&#8221;, &#8220;The Miser&#8221;, &#8220;The Raven&#8221;, and &#8220;Bungsu and the Big Snake&#8221; and as an instructor in commedia d\u2019ell arte for their youth volunteers.  <br><br>Selected work includes: dramaturg for Teesri Duniya\u2019s Fireworks 2021-22 Playwrighting Unit; director of the Theatre Kingston production of Daniel David Moses\u2019 \u201cAlmighty Voice and His Wife&#8221; and of the world premiere of the same play at GCTC in 1991; director and dramaturg of &#8220;Ambig\u00fcit\u00e9&#8221; with Ottawa\/Munich artist Guy Marsan; director of Anusree Roy\u2019s &#8220;Letters to My Grandma&#8221; for Teesri Duniya Theatre; writing and performing her solo show \u201cTrance For Matron&#8221; \u2013 a one-woman show for old woman, objects, memories, desires, anger and walker &#8211; at the Montreal Fringe; devised and directed a vaudeville entitled &#8220;We Are Old! We are Wonderful!&#8221; as artist-in-residence with Ressources Ethnoculturelles Contre l\u2019Abus envers les A\u00een\u00e9(e)s, Respecting Elders Communities against Abuse (RECAA), an organization for seniors dedicated to using theatre to educate communities to recognize the mistreatment and abuse of seniors; director of Teesri Duniya\u2019s production of &#8220;Where the Blood Mixes&#8221; by Kevin Loring; director and dramaturg of Luna Allison\u2019s prize-winning &#8220;Falling Open&#8221;.   <br><br>Elle a enseign\u00e9 le th\u00e9\u00e2tre en tant que professeur auxiliaire \u00e0 l'Universit\u00e9 Concordia, McGill, Queens et l'Universit\u00e9 d'Ottawa, et a travaill\u00e9 en tant qu'artiste en r\u00e9sidence \u00e0 Concordia et \u00e0\nl'Universit\u00e9 d'Ottawa. Elle poss\u00e8de un MFA en \u00e9criture cr\u00e9ative du Goddard College et a termin\u00e9 en 2020 un doctorat de recherche-cr\u00e9ation en \u00e9tudes culturelles \u00e0 l'Universit\u00e9 Queens\nintitul\u00e9 \"Unsettling Colonial Privilege' Settlers' Through Performance : Mouvement, son, participation, jeu et rire\". En utilisant ses comp\u00e9tences et son exp\u00e9rience en mati\u00e8re de performance,\nelle a construit et test\u00e9 un jeu de soci\u00e9t\u00e9 grandeur nature pour confronter les v\u00e9rit\u00e9s sur les structures de pouvoir invisibles qui soutiennent le droit \u00e0 la ma\u00eetrise des colons canadiens. Elle\nest actuellement boursi\u00e8re postdoctorale Horizons en Studio Arts \u00e0 l'Universit\u00e9 de Concordia sous la direction de Nadia Myre, artiste visuelle algonquine et titulaire de la Chaire du Canada\nen pratique des arts autochtones (https:\/\/www.nadiamyre.net), et travaille avec potatoCakes_digital (https:\/\/www.potatocakesdigital.ca\/) sur une version en ligne du jeu. <br><\/p>\n\n\n\n<div style=\"height:100px\" aria-hidden=\"true\" class=\"wp-block-spacer\"><\/div>\n\n\n\n<div class=\"wp-block-cover alignfull\" style=\"min-height:300px;aspect-ratio:unset;\"><span aria-hidden=\"true\" class=\"wp-block-cover__background has-nv-dark-bg-background-color has-background-dim-100 has-background-dim\"><\/span><div class=\"wp-block-cover__inner-container is-layout-flow wp-block-cover-is-layout-flow\">\n<div style=\"height:80px\" aria-hidden=\"true\" class=\"wp-block-spacer\"><\/div>\n\n\n<div class=\"wp-block-image is-style-rounded ticss-cb3139ce\">\n<figure class=\"aligncenter size-full is-resized\"><img loading=\"lazy\" decoding=\"async\" src=\"https:\/\/www.libspry.com\/wp-content\/uploads\/2022\/08\/auden-e1661385092968.jpeg\" alt=\"\" class=\"wp-image-422\" width=\"150\" height=\"150\" srcset=\"https:\/\/www.libspry.com\/wp-content\/uploads\/2022\/08\/auden-e1661385092968.jpeg 510w, https:\/\/www.libspry.com\/wp-content\/uploads\/2022\/08\/auden-e1661385092968-300x300.jpeg 300w, https:\/\/www.libspry.com\/wp-content\/uploads\/2022\/08\/auden-e1661385092968-150x150.jpeg 150w, https:\/\/www.libspry.com\/wp-content\/uploads\/2022\/08\/auden-e1661385092968-12x12.jpeg 12w\" sizes=\"auto, (max-width: 150px) 100vw, 150px\" \/><\/figure>\n<\/div>\n\n\n<p class=\"has-text-align-center has-nv-text-dark-bg-color has-text-color\">\u00ab Les mortels les plus dr\u00f4les et les plus gentils sont ceux qui sont les plus conscients de la bataille de l'\u00eatre, <br>ne vous leurrez pas, nos soins sont consolants, mais croyez qu'un rire est moins sans c\u0153ur que des larmes.<\/p>\n\n\n\n<p class=\"has-text-align-center has-nv-text-dark-bg-color has-text-color\" style=\"font-size:14px\">&#8211; W.H. AUDEN<\/p>\n\n\n\n<div style=\"height:80px\" aria-hidden=\"true\" class=\"wp-block-spacer\"><\/div>\n<\/div><\/div>","protected":false},"excerpt":{"rendered":"<p>Lib Spry has worked in theatre for over fifty years as a director, writer, producer, educator, performer, popular theatre work, dramaturg, and translator. She chooses to work in an equal mix of professional theatre, community arts and as a teacher as she believes they are mutually inclusive. She is a specialist in non-traditional theatre forms:&hellip;&nbsp;<a href=\"https:\/\/www.libspry.com\/fr\/bio\/\" class=\"\" rel=\"bookmark\">Lire la suite &raquo;<span class=\"screen-reader-text\">Biographie<\/span><\/a><\/p>","protected":false},"author":1,"featured_media":0,"parent":0,"menu_order":4,"comment_status":"closed","ping_status":"closed","template":"","meta":{"neve_meta_sidebar":"","neve_meta_container":"default","neve_meta_enable_content_width":"on","neve_meta_content_width":100,"neve_meta_title_alignment":"left","neve_meta_author_avatar":"","neve_post_elements_order":"","neve_meta_disable_header":"","neve_meta_disable_footer":"","neve_meta_disable_title":"on","footnotes":""},"class_list":["post-10","page","type-page","status-publish","hentry"],"_links":{"self":[{"href":"https:\/\/www.libspry.com\/fr\/wp-json\/wp\/v2\/pages\/10","targetHints":{"allow":["GET"]}}],"collection":[{"href":"https:\/\/www.libspry.com\/fr\/wp-json\/wp\/v2\/pages"}],"about":[{"href":"https:\/\/www.libspry.com\/fr\/wp-json\/wp\/v2\/types\/page"}],"author":[{"embeddable":true,"href":"https:\/\/www.libspry.com\/fr\/wp-json\/wp\/v2\/users\/1"}],"replies":[{"embeddable":true,"href":"https:\/\/www.libspry.com\/fr\/wp-json\/wp\/v2\/comments?post=10"}],"version-history":[{"count":10,"href":"https:\/\/www.libspry.com\/fr\/wp-json\/wp\/v2\/pages\/10\/revisions"}],"predecessor-version":[{"id":781,"href":"https:\/\/www.libspry.com\/fr\/wp-json\/wp\/v2\/pages\/10\/revisions\/781"}],"wp:attachment":[{"href":"https:\/\/www.libspry.com\/fr\/wp-json\/wp\/v2\/media?parent=10"}],"curies":[{"name":"wp","href":"https:\/\/api.w.org\/{rel}","templated":true}]}}