{"id":12,"date":"2022-08-01T00:38:28","date_gmt":"2022-08-01T00:38:28","guid":{"rendered":"https:\/\/www.libspry.com\/?page_id=12"},"modified":"2022-10-27T22:07:56","modified_gmt":"2022-10-27T22:07:56","slug":"projects","status":"publish","type":"page","link":"https:\/\/www.libspry.com\/fr\/projects\/","title":{"rendered":"Projets"},"content":{"rendered":"<div class=\"wp-block-cover alignfull\" style=\"min-height:300px;aspect-ratio:unset;\"><span aria-hidden=\"true\" class=\"wp-block-cover__background has-nv-site-bg-background-color has-background-dim-100 has-background-dim\"><\/span><div class=\"wp-block-cover__inner-container is-layout-flow wp-block-cover-is-layout-flow\">\n<div class=\"wp-block-group\"><div class=\"wp-block-group__inner-container is-layout-flow wp-block-group-is-layout-flow\">\n<h1 class=\"has-text-align-left has-neve-text-color-color has-text-color wp-block-heading\">Projets<\/h1>\n<\/div><\/div>\n<\/div><\/div>\n\n\n\n<div class=\"wp-block-cover alignfull\" style=\"min-height:600px;aspect-ratio:unset;\"><span aria-hidden=\"true\" class=\"wp-block-cover__background has-nv-light-bg-background-color has-background-dim-100 has-background-dim\"><\/span><div class=\"wp-block-cover__inner-container is-layout-flow wp-block-cover-is-layout-flow\">\n<div style=\"height:100px\" aria-hidden=\"true\" class=\"wp-block-spacer\"><\/div>\n\n\n\n<div class=\"wp-block-group\"><div class=\"wp-block-group__inner-container is-layout-flow wp-block-group-is-layout-flow\">\n<div style=\"height:20px\" aria-hidden=\"true\" class=\"wp-block-spacer\"><\/div>\n\n\n\n<div class=\"wp-block-columns are-vertically-aligned-center is-layout-flex wp-container-core-columns-is-layout-9d6595d7 wp-block-columns-is-layout-flex\">\n<div class=\"wp-block-column is-vertically-aligned-center is-layout-flow wp-block-column-is-layout-flow\" style=\"flex-basis:50%\">\n<figure class=\"wp-block-image size-large\"><img loading=\"lazy\" decoding=\"async\" width=\"1112\" height=\"834\" src=\"https:\/\/www.libspry.com\/wp-content\/uploads\/2022\/08\/project1-edited.jpg\" alt=\"\" class=\"wp-image-188\" srcset=\"https:\/\/www.libspry.com\/wp-content\/uploads\/2022\/08\/project1-edited.jpg 1112w, https:\/\/www.libspry.com\/wp-content\/uploads\/2022\/08\/project1-edited-300x225.jpg 300w, https:\/\/www.libspry.com\/wp-content\/uploads\/2022\/08\/project1-edited-1024x768.jpg 1024w, https:\/\/www.libspry.com\/wp-content\/uploads\/2022\/08\/project1-edited-768x576.jpg 768w\" sizes=\"auto, (max-width: 1112px) 100vw, 1112px\" \/><\/figure>\n\n\n\n<h3 class=\"has-text-align-center has-neve-text-color-color has-text-color wp-block-heading\">Arts Communautaires<\/h3>\n\n\n\n<p class=\"has-text-align-center has-neve-text-color-color has-text-color\">Travailler en tant qu'artiste avec des communaut\u00e9s pour co-cr\u00e9er de l'art qui dit ce qu'ils veulent.<\/p>\n\n\n\n<div class=\"wp-block-buttons is-content-justification-center is-layout-flex wp-container-core-buttons-is-layout-16018d1d wp-block-buttons-is-layout-flex\">\n<div class=\"wp-block-button is-style-primary\"><a class=\"wp-block-button__link\" href=\"https:\/\/www.libspry.com\/fr\/projects\/community-arts\/\">DETAILS DU PROJET<\/a><\/div>\n<\/div>\n<\/div>\n\n\n\n<div class=\"wp-block-column is-vertically-aligned-center is-layout-flow wp-block-column-is-layout-flow\" style=\"flex-basis:50%\">\n<figure class=\"wp-block-image size-large\"><img loading=\"lazy\" decoding=\"async\" width=\"1781\" height=\"1335\" src=\"https:\/\/www.libspry.com\/wp-content\/uploads\/2022\/08\/project2-edited.jpg\" alt=\"\" class=\"wp-image-187\" srcset=\"https:\/\/www.libspry.com\/wp-content\/uploads\/2022\/08\/project2-edited.jpg 1781w, https:\/\/www.libspry.com\/wp-content\/uploads\/2022\/08\/project2-edited-300x225.jpg 300w, https:\/\/www.libspry.com\/wp-content\/uploads\/2022\/08\/project2-edited-1024x768.jpg 1024w, https:\/\/www.libspry.com\/wp-content\/uploads\/2022\/08\/project2-edited-768x576.jpg 768w, https:\/\/www.libspry.com\/wp-content\/uploads\/2022\/08\/project2-edited-1536x1151.jpg 1536w\" sizes=\"auto, (max-width: 1781px) 100vw, 1781px\" \/><\/figure>\n\n\n\n<h3 class=\"has-text-align-center has-neve-text-color-color has-text-color wp-block-heading\">Trance For Matron<\/h3>\n\n\n\n<p class=\"has-text-align-center has-neve-text-color-color has-text-color\">Une exposition personnelle pour vieille femme, objets, souvenirs, d\u00e9sirs, col\u00e8re, musicien et marcheur.<\/p>\n\n\n\n<div class=\"wp-block-buttons is-content-justification-center is-layout-flex wp-container-core-buttons-is-layout-16018d1d wp-block-buttons-is-layout-flex\">\n<div class=\"wp-block-button is-style-primary\"><a class=\"wp-block-button__link\" href=\"https:\/\/www.libspry.com\/fr\/projects\/trance-for-matron\/\">DETAILS DU PROJET<\/a><\/div>\n<\/div>\n<\/div>\n<\/div>\n<\/div><\/div>\n\n\n\n<div style=\"height:50px\" aria-hidden=\"true\" class=\"wp-block-spacer\"><\/div>\n<\/div><\/div>\n\n\n\n<div class=\"wp-block-cover alignfull\" style=\"min-height:500px;aspect-ratio:unset;\"><span aria-hidden=\"true\" class=\"wp-block-cover__background has-nv-site-bg-background-color has-background-dim-100 has-background-dim\"><\/span><div class=\"wp-block-cover__inner-container is-layout-flow wp-block-cover-is-layout-flow\">\n<div style=\"height:50px\" aria-hidden=\"true\" class=\"wp-block-spacer\"><\/div>\n\n\n\n<div class=\"wp-block-group\"><div class=\"wp-block-group__inner-container is-layout-flow wp-block-group-is-layout-flow\">\n<div style=\"height:20px\" aria-hidden=\"true\" class=\"wp-block-spacer\"><\/div>\n\n\n\n<div class=\"wp-block-columns are-vertically-aligned-center is-layout-flex wp-container-core-columns-is-layout-9d6595d7 wp-block-columns-is-layout-flex\">\n<div class=\"wp-block-column is-vertically-aligned-center is-layout-flow wp-block-column-is-layout-flow\" style=\"flex-basis:50%\">\n<figure class=\"wp-block-image size-large\"><img loading=\"lazy\" decoding=\"async\" width=\"1024\" height=\"713\" src=\"https:\/\/www.libspry.com\/wp-content\/uploads\/2022\/08\/project3-1024x713.jpg\" alt=\"\" class=\"wp-image-153\" srcset=\"https:\/\/www.libspry.com\/wp-content\/uploads\/2022\/08\/project3-1024x713.jpg 1024w, https:\/\/www.libspry.com\/wp-content\/uploads\/2022\/08\/project3-300x209.jpg 300w, https:\/\/www.libspry.com\/wp-content\/uploads\/2022\/08\/project3-768x535.jpg 768w, https:\/\/www.libspry.com\/wp-content\/uploads\/2022\/08\/project3-1536x1069.jpg 1536w, https:\/\/www.libspry.com\/wp-content\/uploads\/2022\/08\/project3-2048x1425.jpg 2048w\" sizes=\"auto, (max-width: 1024px) 100vw, 1024px\" \/><\/figure>\n\n\n\n<h3 class=\"has-text-align-center has-neve-text-color-color has-text-color wp-block-heading\">!Unsettling! &#8211; The Game<\/h3>\n\n\n\n<p class=\"has-text-align-center has-neve-text-color-color has-text-color\">Sortir d'un format th\u00e9\u00e2tral traditionnel pour cr\u00e9er une nouvelle fa\u00e7on ludique de faire face aux r\u00e9alit\u00e9s des colons.<\/p>\n\n\n\n<div class=\"wp-block-buttons is-content-justification-center is-layout-flex wp-container-core-buttons-is-layout-16018d1d wp-block-buttons-is-layout-flex\">\n<div class=\"wp-block-button is-style-primary\"><a class=\"wp-block-button__link\" href=\"https:\/\/www.libspry.com\/fr\/projects\/the-game\/\">DETAILS DU PROJET<\/a><\/div>\n<\/div>\n<\/div>\n\n\n\n<div class=\"wp-block-column is-vertically-aligned-center is-layout-flow wp-block-column-is-layout-flow\" style=\"flex-basis:50%\">\n<figure class=\"wp-block-image size-large\"><img loading=\"lazy\" decoding=\"async\" width=\"1024\" height=\"712\" src=\"https:\/\/www.libspry.com\/wp-content\/uploads\/2022\/08\/project5-1024x712.jpg\" alt=\"\" class=\"wp-image-155\" srcset=\"https:\/\/www.libspry.com\/wp-content\/uploads\/2022\/08\/project5-1024x712.jpg 1024w, https:\/\/www.libspry.com\/wp-content\/uploads\/2022\/08\/project5-300x209.jpg 300w, https:\/\/www.libspry.com\/wp-content\/uploads\/2022\/08\/project5-768x534.jpg 768w, https:\/\/www.libspry.com\/wp-content\/uploads\/2022\/08\/project5-1536x1069.jpg 1536w, https:\/\/www.libspry.com\/wp-content\/uploads\/2022\/08\/project5-2048x1425.jpg 2048w\" sizes=\"auto, (max-width: 1024px) 100vw, 1024px\" \/><\/figure>\n\n\n\n<h3 class=\"has-text-align-center has-neve-text-color-color has-text-color wp-block-heading\">Almighty Voice<\/h3>\n\n\n\n<p class=\"has-text-align-center has-neve-text-color-color has-text-color\">\"Le temps a finalement rattrap\u00e9 la pi\u00e8ce dr\u00f4le, astucieuse et trompeusement simple de Dan.\"<\/p>\n\n\n\n<div class=\"wp-block-buttons is-content-justification-center is-layout-flex wp-container-core-buttons-is-layout-16018d1d wp-block-buttons-is-layout-flex\">\n<div class=\"wp-block-button is-style-primary\"><a class=\"wp-block-button__link\" href=\"https:\/\/www.libspry.com\/fr\/projects\/almighty-voice\/\">DETAILS DU PROJET<\/a><\/div>\n<\/div>\n<\/div>\n<\/div>\n<\/div><\/div>\n\n\n\n<div style=\"height:50px\" aria-hidden=\"true\" class=\"wp-block-spacer\"><\/div>\n<\/div><\/div>\n\n\n\n<div class=\"wp-block-cover alignfull\" style=\"min-height:400px;aspect-ratio:unset;\"><span aria-hidden=\"true\" class=\"wp-block-cover__background has-nv-light-bg-background-color has-background-dim-100 has-background-dim\"><\/span><div class=\"wp-block-cover__inner-container is-layout-flow wp-block-cover-is-layout-flow\">\n<div style=\"height:100px\" aria-hidden=\"true\" class=\"wp-block-spacer\"><\/div>\n\n\n\n<div class=\"wp-block-group\"><div class=\"wp-block-group__inner-container is-layout-flow wp-block-group-is-layout-flow\">\n<div class=\"wp-block-columns are-vertically-aligned-center is-layout-flex wp-container-core-columns-is-layout-9d6595d7 wp-block-columns-is-layout-flex\">\n<div class=\"wp-block-column is-vertically-aligned-center is-layout-flow wp-block-column-is-layout-flow\" style=\"flex-basis:50%\">\n<figure class=\"wp-block-image size-large\"><img loading=\"lazy\" decoding=\"async\" width=\"1024\" height=\"712\" src=\"https:\/\/www.libspry.com\/wp-content\/uploads\/2022\/08\/project4-1024x712.jpg\" alt=\"\" class=\"wp-image-154\" srcset=\"https:\/\/www.libspry.com\/wp-content\/uploads\/2022\/08\/project4-1024x712.jpg 1024w, https:\/\/www.libspry.com\/wp-content\/uploads\/2022\/08\/project4-300x209.jpg 300w, https:\/\/www.libspry.com\/wp-content\/uploads\/2022\/08\/project4-768x534.jpg 768w, https:\/\/www.libspry.com\/wp-content\/uploads\/2022\/08\/project4-1536x1068.jpg 1536w, https:\/\/www.libspry.com\/wp-content\/uploads\/2022\/08\/project4-2048x1423.jpg 2048w\" sizes=\"auto, (max-width: 1024px) 100vw, 1024px\" \/><\/figure>\n\n\n\n<h3 class=\"has-text-align-center has-neve-text-color-color has-text-color wp-block-heading\">Letters to My Grandma<\/h3>\n\n\n\n<p class=\"has-text-align-center has-neve-text-color-color has-text-color\">Le jour de son mariage, une jeune femme re\u00e7oit une lettre de sa grand-m\u00e8re qu'elle n'ose pas ouvrir. Sa grand-m\u00e8re est de retour en Inde et elle n'approuve pas le mariage. Une s\u00e9rie multi-personnages d'une femme qui explore ce que signifie \u00eatre une immigrante et la vie qu'ils ont laiss\u00e9e derri\u00e8re eux.<\/p>\n\n\n\n<div class=\"wp-block-buttons is-content-justification-center is-layout-flex wp-container-core-buttons-is-layout-16018d1d wp-block-buttons-is-layout-flex\">\n<div class=\"wp-block-button is-style-primary\"><a class=\"wp-block-button__link\" href=\"https:\/\/www.libspry.com\/fr\/projects\/letters-to-grandma\/\">DETAILS DU PROJET<\/a><\/div>\n<\/div>\n<\/div>\n<\/div>\n<\/div><\/div>\n\n\n\n<div style=\"height:100px\" aria-hidden=\"true\" class=\"wp-block-spacer\"><\/div>\n<\/div><\/div>\n\n\n\n<div class=\"wp-block-cover alignfull\" style=\"min-height:300px;aspect-ratio:unset;\"><span aria-hidden=\"true\" class=\"wp-block-cover__background has-nv-dark-bg-background-color has-background-dim-100 has-background-dim\"><\/span><div class=\"wp-block-cover__inner-container is-layout-flow wp-block-cover-is-layout-flow\">\n<div style=\"height:80px\" aria-hidden=\"true\" class=\"wp-block-spacer\"><\/div>\n\n\n<div class=\"wp-block-image is-style-rounded\">\n<figure class=\"aligncenter size-thumbnail\"><img loading=\"lazy\" decoding=\"async\" width=\"150\" height=\"150\" src=\"https:\/\/www.libspry.com\/wp-content\/uploads\/2022\/08\/bell-hooks-bw-edited-150x150.jpeg\" alt=\"\" class=\"wp-image-156\" srcset=\"https:\/\/www.libspry.com\/wp-content\/uploads\/2022\/08\/bell-hooks-bw-edited-150x150.jpeg 150w, https:\/\/www.libspry.com\/wp-content\/uploads\/2022\/08\/bell-hooks-bw-edited-300x300.jpeg 300w, https:\/\/www.libspry.com\/wp-content\/uploads\/2022\/08\/bell-hooks-bw-edited.jpeg 510w\" sizes=\"auto, (max-width: 150px) 100vw, 150px\" \/><\/figure>\n<\/div>\n\n\n<p class=\"has-text-align-center has-nv-text-dark-bg-color has-text-color\">\"L'amour est une combinaison de soins, d'engagement, <br>de connaissance, de responsabilit\u00e9, de respect et de confiance.\"<\/p>\n\n\n\n<p class=\"has-text-align-center has-nv-text-dark-bg-color has-text-color\" style=\"font-size:14px\">&#8211; BELL HOOKS<\/p>\n\n\n\n<div style=\"height:80px\" aria-hidden=\"true\" class=\"wp-block-spacer\"><\/div>\n<\/div><\/div>","protected":false},"excerpt":{"rendered":"","protected":false},"author":1,"featured_media":0,"parent":0,"menu_order":3,"comment_status":"closed","ping_status":"closed","template":"","meta":{"neve_meta_sidebar":"","neve_meta_container":"","neve_meta_enable_content_width":"on","neve_meta_content_width":100,"neve_meta_title_alignment":"","neve_meta_author_avatar":"","neve_post_elements_order":"","neve_meta_disable_header":"","neve_meta_disable_footer":"","neve_meta_disable_title":"on","footnotes":""},"class_list":["post-12","page","type-page","status-publish","hentry"],"_links":{"self":[{"href":"https:\/\/www.libspry.com\/fr\/wp-json\/wp\/v2\/pages\/12","targetHints":{"allow":["GET"]}}],"collection":[{"href":"https:\/\/www.libspry.com\/fr\/wp-json\/wp\/v2\/pages"}],"about":[{"href":"https:\/\/www.libspry.com\/fr\/wp-json\/wp\/v2\/types\/page"}],"author":[{"embeddable":true,"href":"https:\/\/www.libspry.com\/fr\/wp-json\/wp\/v2\/users\/1"}],"replies":[{"embeddable":true,"href":"https:\/\/www.libspry.com\/fr\/wp-json\/wp\/v2\/comments?post=12"}],"version-history":[{"count":10,"href":"https:\/\/www.libspry.com\/fr\/wp-json\/wp\/v2\/pages\/12\/revisions"}],"predecessor-version":[{"id":822,"href":"https:\/\/www.libspry.com\/fr\/wp-json\/wp\/v2\/pages\/12\/revisions\/822"}],"wp:attachment":[{"href":"https:\/\/www.libspry.com\/fr\/wp-json\/wp\/v2\/media?parent=12"}],"curies":[{"name":"wp","href":"https:\/\/api.w.org\/{rel}","templated":true}]}}